{"id":38,"date":"2022-08-17T17:45:27","date_gmt":"2022-08-17T15:45:27","guid":{"rendered":"http:\/\/fapel22.org\/?page_id=38"},"modified":"2022-08-17T17:45:27","modified_gmt":"2022-08-17T15:45:27","slug":"environnement","status":"publish","type":"page","link":"https:\/\/fapel22.org\/index.php\/environnement\/","title":{"rendered":"Environnement"},"content":{"rendered":"\n<p>L&rsquo;action de la Fapel des C\u00f4tes d&rsquo;Armor en mati\u00e8re d&rsquo;environnement se d\u00e9cline principalement autour des th\u00e8mes suivants : <\/p>\n\n\n\n<ul class=\"wp-block-list\"><li>l&rsquo;assainissement, public ou priv\u00e9<\/li><li>la protection des cours d&rsquo;eau c\u00f4tiers<\/li><li>la protection du r\u00e9seau hydrologique<\/li><li>la gestion des d\u00e9chets<\/li><\/ul>\n\n\n\n<figure class=\"wp-block-image size-large\"><img decoding=\"async\" src=\"https:\/\/fapelcotesdarmor.files.wordpress.com\/2020\/08\/new2-3.jpg?w=750\" alt=\"\" class=\"wp-image-139\"\/><\/figure>\n","protected":false},"excerpt":{"rendered":"<p>L&rsquo;action de la Fapel des C\u00f4tes d&rsquo;Armor en mati\u00e8re d&rsquo;environnement se d\u00e9cline principalement autour des th\u00e8mes suivants : l&rsquo;assainissement, public ou priv\u00e9 la protection des cours d&rsquo;eau c\u00f4tiers la protection du r\u00e9seau hydrologique la gestion des d\u00e9chets<\/p>\n","protected":false},"author":1,"featured_media":0,"parent":0,"menu_order":0,"comment_status":"closed","ping_status":"closed","template":"","meta":{"om_disable_all_campaigns":false,"_monsterinsights_skip_tracking":false,"_monsterinsights_sitenote_active":false,"_monsterinsights_sitenote_note":"","_monsterinsights_sitenote_category":0,"footnotes":""},"class_list":["post-38","page","type-page","status-publish","hentry"],"aioseo_notices":[],"_links":{"self":[{"href":"https:\/\/fapel22.org\/index.php\/wp-json\/wp\/v2\/pages\/38","targetHints":{"allow":["GET"]}}],"collection":[{"href":"https:\/\/fapel22.org\/index.php\/wp-json\/wp\/v2\/pages"}],"about":[{"href":"https:\/\/fapel22.org\/index.php\/wp-json\/wp\/v2\/types\/page"}],"author":[{"embeddable":true,"href":"https:\/\/fapel22.org\/index.php\/wp-json\/wp\/v2\/users\/1"}],"replies":[{"embeddable":true,"href":"https:\/\/fapel22.org\/index.php\/wp-json\/wp\/v2\/comments?post=38"}],"version-history":[{"count":1,"href":"https:\/\/fapel22.org\/index.php\/wp-json\/wp\/v2\/pages\/38\/revisions"}],"predecessor-version":[{"id":39,"href":"https:\/\/fapel22.org\/index.php\/wp-json\/wp\/v2\/pages\/38\/revisions\/39"}],"wp:attachment":[{"href":"https:\/\/fapel22.org\/index.php\/wp-json\/wp\/v2\/media?parent=38"}],"curies":[{"name":"wp","href":"https:\/\/api.w.org\/{rel}","templated":true}]}}