{"id":45,"date":"2022-08-17T17:48:56","date_gmt":"2022-08-17T15:48:56","guid":{"rendered":"http:\/\/fapel22.org\/?page_id=45"},"modified":"2022-08-18T08:03:02","modified_gmt":"2022-08-18T06:03:02","slug":"qui-sommes-nous","status":"publish","type":"page","link":"https:\/\/fapel22.org\/index.php\/qui-sommes-nous\/","title":{"rendered":"Qui sommes-nous ?"},"content":{"rendered":"\n<div style=\"height:20px\" aria-hidden=\"true\" class=\"wp-block-spacer\"><\/div>\n\n\n\n<div class=\"wp-block-group alignfull\"><div class=\"wp-block-group__inner-container is-layout-flow wp-block-group-is-layout-flow\">\n<div class=\"wp-block-jetpack-layout-grid alignfull column1-desktop-grid__span-3 column1-desktop-grid__start-2 column1-desktop-grid__row-1 column2-desktop-grid__span-5 column2-desktop-grid__start-6 column2-desktop-grid__row-1 column1-tablet-grid__span-3 column1-tablet-grid__row-1 column2-tablet-grid__span-5 column2-tablet-grid__start-4 column2-tablet-grid__row-1 column1-mobile-grid__span-4 column1-mobile-grid__row-1 column2-mobile-grid__span-4 column2-mobile-grid__row-2\">\n<div class=\"wp-block-jetpack-layout-grid-column wp-block-jetpack-layout-grid__padding-none\">\n<figure class=\"wp-block-image size-large\"><img decoding=\"async\" src=\"https:\/\/fapelcotesdarmor.files.wordpress.com\/2020\/08\/logo-e1598365132544.png?w=277\" alt=\"\" class=\"wp-image-85\"\/><\/figure>\n<\/div>\n\n\n\n<div class=\"wp-block-jetpack-layout-grid-column wp-block-jetpack-layout-grid__padding-none\">\n<h2 class=\"wp-block-heading\"><\/h2>\n\n\n\n<p>La Fapel (F\u00e9d\u00e9ration des associations de protection de l&rsquo;environnement et du littoral) des C\u00f4tes d&rsquo;Armor est une association \u00e0 but non lucratif, r\u00e9gie par la loi du 1er juillet 1901.<\/p>\n\n\n\n<p>Aux termes de ses statuts, elle a pour objet <em>la\u00a0d\u00e9fense et protection de l&rsquo;environnement tant territorial que maritime de la qualit\u00e9 de vie, sites et paysages de la qualit\u00e9 de l&rsquo;air, des esp\u00e8ces animales et v\u00e9g\u00e9tales, de la diversit\u00e9 et des \u00e9quilibres biologiques ainsi que le d\u00e9veloppement harmonieux entre les zones urbaines et rurales.<\/em><\/p>\n\n\n\n<p>Elle a \u00e9t\u00e9 d\u00e9clar\u00e9e le 14 avril 2008 (<a rel=\"noreferrer noopener\" href=\"https:\/\/www.journal-officiel.gouv.fr\/associations\/detail-annonce\/associations_b\/20080018\/395\" target=\"_blank\">J.O. du 3 mai 2008<\/a>).<\/p>\n\n\n\n<p>Elle agit en partenariat avec les associations qui la saisissent, sur la base de conditions d&rsquo;intervention claires.<\/p>\n\n\n\n<p><\/p>\n<\/div>\n<\/div>\n\n\n\n<p><\/p>\n<\/div><\/div>\n","protected":false},"excerpt":{"rendered":"<p>La Fapel (F\u00e9d\u00e9ration des associations de protection de l&rsquo;environnement et du littoral) des C\u00f4tes d&rsquo;Armor est une association \u00e0 but non lucratif, r\u00e9gie par la loi du 1er juillet 1901. Aux termes de ses statuts, elle a pour objet la\u00a0d\u00e9fense et protection de l&rsquo;environnement tant territorial que maritime de la qualit\u00e9 de vie, sites et [&hellip;]<\/p>\n","protected":false},"author":1,"featured_media":0,"parent":0,"menu_order":0,"comment_status":"closed","ping_status":"closed","template":"","meta":{"om_disable_all_campaigns":false,"_monsterinsights_skip_tracking":false,"_monsterinsights_sitenote_active":false,"_monsterinsights_sitenote_note":"","_monsterinsights_sitenote_category":0,"footnotes":""},"class_list":["post-45","page","type-page","status-publish","hentry"],"aioseo_notices":[],"_links":{"self":[{"href":"https:\/\/fapel22.org\/index.php\/wp-json\/wp\/v2\/pages\/45","targetHints":{"allow":["GET"]}}],"collection":[{"href":"https:\/\/fapel22.org\/index.php\/wp-json\/wp\/v2\/pages"}],"about":[{"href":"https:\/\/fapel22.org\/index.php\/wp-json\/wp\/v2\/types\/page"}],"author":[{"embeddable":true,"href":"https:\/\/fapel22.org\/index.php\/wp-json\/wp\/v2\/users\/1"}],"replies":[{"embeddable":true,"href":"https:\/\/fapel22.org\/index.php\/wp-json\/wp\/v2\/comments?post=45"}],"version-history":[{"count":5,"href":"https:\/\/fapel22.org\/index.php\/wp-json\/wp\/v2\/pages\/45\/revisions"}],"predecessor-version":[{"id":101,"href":"https:\/\/fapel22.org\/index.php\/wp-json\/wp\/v2\/pages\/45\/revisions\/101"}],"wp:attachment":[{"href":"https:\/\/fapel22.org\/index.php\/wp-json\/wp\/v2\/media?parent=45"}],"curies":[{"name":"wp","href":"https:\/\/api.w.org\/{rel}","templated":true}]}}