{"id":47,"date":"2022-08-17T17:49:41","date_gmt":"2022-08-17T15:49:41","guid":{"rendered":"http:\/\/fapel22.org\/?page_id=47"},"modified":"2022-08-17T17:49:41","modified_gmt":"2022-08-17T15:49:41","slug":"reseau","status":"publish","type":"page","link":"https:\/\/fapel22.org\/index.php\/reseau\/","title":{"rendered":"R\u00e9seau"},"content":{"rendered":"\n<p>Pourquoi f\u00e9d\u00e9rer ?<\/p>\n\n\n\n<ul class=\"wp-block-list\"><li>Parce que l&rsquo;union fait la force<\/li><li>Parce que les associations, les collectifs, les particuliers&#8230; auxquels nous venons aide sont souvent d\u00e9munis<\/li><li>Pour prot\u00e9ger les lanceurs d&rsquo;alertes (individuels et collectifs) contre les repr\u00e9sailles des lobbies<\/li><li>Pour r\u00e9sister plus efficacement contre les r\u00e9seaux d&rsquo;int\u00e9r\u00eats priv\u00e9s qui infiltrent trop souvent la vie locale<\/li><li>Pour encourager la concertation et le respect mutuel, qui animent une majorit\u00e9 d&rsquo;\u00e9diles<\/li><\/ul>\n\n\n\n<figure class=\"wp-block-image size-large is-resized\"><img loading=\"lazy\" decoding=\"async\" src=\"https:\/\/fapelcotesdarmor.files.wordpress.com\/2020\/08\/marianne-verte.jpg?w=236\" alt=\"\" class=\"wp-image-221\" width=\"781\" height=\"960\"\/><\/figure>\n","protected":false},"excerpt":{"rendered":"<p>Pourquoi f\u00e9d\u00e9rer ? Parce que l&rsquo;union fait la force Parce que les associations, les collectifs, les particuliers&#8230; auxquels nous venons aide sont souvent d\u00e9munis Pour prot\u00e9ger les lanceurs d&rsquo;alertes (individuels et collectifs) contre les repr\u00e9sailles des lobbies Pour r\u00e9sister plus efficacement contre les r\u00e9seaux d&rsquo;int\u00e9r\u00eats priv\u00e9s qui infiltrent trop souvent la vie locale Pour encourager [&hellip;]<\/p>\n","protected":false},"author":1,"featured_media":0,"parent":0,"menu_order":0,"comment_status":"closed","ping_status":"closed","template":"","meta":{"om_disable_all_campaigns":false,"_monsterinsights_skip_tracking":false,"_monsterinsights_sitenote_active":false,"_monsterinsights_sitenote_note":"","_monsterinsights_sitenote_category":0,"footnotes":""},"class_list":["post-47","page","type-page","status-publish","hentry"],"aioseo_notices":[],"_links":{"self":[{"href":"https:\/\/fapel22.org\/index.php\/wp-json\/wp\/v2\/pages\/47","targetHints":{"allow":["GET"]}}],"collection":[{"href":"https:\/\/fapel22.org\/index.php\/wp-json\/wp\/v2\/pages"}],"about":[{"href":"https:\/\/fapel22.org\/index.php\/wp-json\/wp\/v2\/types\/page"}],"author":[{"embeddable":true,"href":"https:\/\/fapel22.org\/index.php\/wp-json\/wp\/v2\/users\/1"}],"replies":[{"embeddable":true,"href":"https:\/\/fapel22.org\/index.php\/wp-json\/wp\/v2\/comments?post=47"}],"version-history":[{"count":1,"href":"https:\/\/fapel22.org\/index.php\/wp-json\/wp\/v2\/pages\/47\/revisions"}],"predecessor-version":[{"id":48,"href":"https:\/\/fapel22.org\/index.php\/wp-json\/wp\/v2\/pages\/47\/revisions\/48"}],"wp:attachment":[{"href":"https:\/\/fapel22.org\/index.php\/wp-json\/wp\/v2\/media?parent=47"}],"curies":[{"name":"wp","href":"https:\/\/api.w.org\/{rel}","templated":true}]}}